{"id":66,"date":"2021-09-06T17:54:39","date_gmt":"2021-09-06T15:54:39","guid":{"rendered":"http:\/\/hvezdari.com\/?page_id=66"},"modified":"2022-09-02T11:04:22","modified_gmt":"2022-09-02T09:04:22","slug":"historia","status":"publish","type":"page","link":"https:\/\/hvezdari.com\/?page_id=66","title":{"rendered":"Hist\u00f3ria klubu"},"content":{"rendered":"\n<p>\u010clovek je tvor zvedav\u00fd a jeho z\u00e1ujmu neunikla ani astron\u00f3mia. Poh\u013ead na hviezdnu oblohu uchv\u00e1til v\u0161etky star\u00e9 civiliz\u00e1cie, ktor\u00e9 sa t\u00fa\u017eili na nej orientova\u0165, pou\u017e\u00edva\u0165 ju ako mapu a kalend\u00e1r. Hviezdam pridelili men\u00e1 a v ich poloh\u00e1ch videli r\u00f4zne obrazce, z ktor\u00fdch vznikli s\u00fahvezdia ako ich pozn\u00e1me aj dnes. To na\u0161im predkom dovolilo poznatky o nich lep\u0161ie \u0161\u00edri\u0165 a zaznamen\u00e1va\u0165. \u010casom sa z t\u00fdchto potrieb vyvinul vedn\u00fd odbor astron\u00f3mia, ktor\u00fd sa zachoval a\u017e dodnes. Technick\u00fd pokrok umo\u017enil uskuto\u010dnenie mnoh\u00fdch objavov, o ktor\u00fdch velik\u00e1ni ako Ptolemaios \u010di Kopernik mohli iba sn\u00edva\u0165. Dnes sa na Zemskej orbite nach\u00e1dzaj\u00fa tis\u00edce dru\u017e\u00edc, ale aj profesion\u00e1lni astronauti. Povrchom Marsu br\u00e1zdia sondy, pri\u010dom \u010fal\u0161ie v\u00fdskumn\u00e9 plavidl\u00e1 letia naprie\u010d celou Slne\u010dnou s\u00fastavou. <\/p>\n\n\n\n<p>Povolanie astronauta alebo zamestnanca svetov\u00e9ho observat\u00f3ria nie je pr\u00e1ca pre ka\u017ed\u00e9ho.&nbsp; Mnoh\u00ed z n\u00e1s o nie\u010dom takom sn\u00edvali ako deti, ale \u017eivot n\u00e1s zavial, tak povediac, in\u00fdm smerom. Napriek tomu u n\u00e1s pretrval pozit\u00edvny vz\u0165ah ku hviezdnemu nebu a stali sme sa amat\u00e9rskymi astron\u00f3mami.<\/p>\n\n\n\n<p>A kto sme t\u00ed \u201emy\u201c? Hovor\u00edm o dlhoro\u010dn\u00fdch zn\u00e1mych a priate\u013eoch, \u010dlenoch Astronomick\u00e9ho Klubu Juraja Bardyho. Klub bol zalo\u017een\u00fd 01.12.1999 v Plevn\u00edku \u2013 Drienovom ako dobrovo\u013en\u00e9 z\u00e1ujmov\u00e9 zdru\u017eenie astron\u00f3mov amat\u00e9rov, profesion\u00e1lov a z\u00e1ujemcov o astron\u00f3miu. Spojenie s obcou Plevn\u00edk &#8211; Drienov\u00e9 nastalo u\u017e v roku 1985, kedy sa tam za\u010dal vies\u0165 astronomick\u00fd kr\u00fa\u017eok. Vo svojom n\u00e1zve klub \u010destne nesie meno Juraja Bardyho, ktor\u00fd sa od 50. rokov minul\u00e9ho storo\u010dia zasl\u00fa\u017eil o rozvoj astron\u00f3mie v Pova\u017esko \u2013 Bystrickom regi\u00f3ne. Svojou viac ne\u017e 50 rokov trvaj\u00facou \u010dinnos\u0165ou propagoval astron\u00f3miu najm\u00e4 medzi ml\u00e1de\u017eou&nbsp; a zasv\u00e4coval \u0161tudentov do tajov vesm\u00edru. Prv\u00fdm predsedom AKJB bol Ing. Mari\u00e1n Mi\u010d\u00fach, ktor\u00fd spolu s Franti\u0161kom Mich\u00e1kom a Ing. Zdenom Veli\u010dom klub spolo\u010dne zalo\u017eil.<\/p>\n\n\n\n<p>Po\u010das 21 rokov svojho predsedn\u00edctva Mari\u00e1n vykon\u00e1val svoju \u00falohu na 100%. Okrem p\u00f4sobenia vo svojej s\u00fakromnej hvezd\u00e1rni, kde sa venoval najm\u00e4 astrofotografii, dok\u00e1zal v mene klubu organizova\u0165 podujatia s dlhoro\u010dnou trad\u00edciou a \u00faspechom. Usporad\u00faval populariza\u010dn\u00e9 verejn\u00e9 pozorovania a predn\u00e1\u0161ky, kde bola astron\u00f3mia pribli\u017eovan\u00e1 laickej verejnosti. Najob\u013e\u00fabenej\u0161ie boli napr. pozorovanie prechodu Venu\u0161e popred slne\u010dn\u00fd disk v rokoch 2004 a 2012, prechod Merk\u00fara ktor\u00fd sa kon\u00e1 pribli\u017ene 13 kr\u00e1t za storo\u010die \u010di pozorovanie zatmen\u00ed Slnka a Mesiaca. Z odborn\u00fdch semin\u00e1rov, ktor\u00e9 boli organizovan\u00e9 Astronomick\u00fdm Klubom najm\u00e4 na stredn\u00fdch \u0161kol\u00e1ch zmienim iba zop\u00e1r z nich, napr. Stavba a v\u00fdvoj vesm\u00edru, Orient\u00e1cia na oblohe, Vznik, v\u00fdvoj a z\u00e1nik hviezd, Plan\u00e9ty, Optick\u00e9 astronomick\u00e9 pr\u00edstroje, Astrofotografia a r\u00f4zne \u010fal\u0161ie&#8230; Jednoducho s menom Mari\u00e1n Mi\u010d\u00fach s\u00fa spojen\u00e9 dlh\u00e9 roky akt\u00edvnej \u010dinnosti klubu, kedy boli objekty vzdialen\u00e9 od n\u00e1s mili\u00f3ny kilometrov zrazu pribl\u00ed\u017een\u00e9 \u013eudsk\u00e9mu oku prostredn\u00edctvom amat\u00e9rskeho teleskopu aj p\u00fatav\u00e9ho v\u00fdkladu inform\u00e1ci\u00ed. \u010ealej je potrebn\u00e9 spomen\u00fa\u0165, \u017ee \u010dlenovia AKJB od roku 1986 organizuj\u00fa Exped\u00edciu Perzeidy, ktor\u00e1 m\u00e1 ako hlavn\u00e1 aktivita klubu na tejto webstr\u00e1nke vyhraden\u00fa <a href=\"https:\/\/hvezdari.com\/?page_id=78\" data-type=\"page\" data-id=\"78\">vlastn\u00fa sekciu<\/a>.<\/p>\n\n\n\n<p>Druh\u00fdm a z\u00e1rove\u0148 s\u00fa\u010dasn\u00fdm predsedom AKJB je od roku 2020 p. Boris Kardo\u0161, ktor\u00fd po Mari\u00e1novom \u00famrt\u00ed prevzal jeho funkciu a zodpovedne prist\u00fapil ku v\u0161etk\u00fdm povinnostiam. Borisove organiza\u010dn\u00e9 a \u013eudsk\u00e9 kvality sa ukazuj\u00fa nielen pri pr\u00edprav\u00e1ch na exped\u00edciu Perzeidy, ale po\u010das cel\u00e9ho roka. To, \u017ee je ve\u013emi akt\u00edvnym \u010dlenom dokazuje jeho s\u00fakromn\u00e1 hvezd\u00e1re\u0148, rovnako aj kniha vydan\u00e1 v roku 2020, ktor\u00fa nap\u00edsal pr\u00e1ve o amat\u00e9rskej astron\u00f3mii.&nbsp;<\/p>\n\n\n\n<p>Astronomick\u00fd klub Juraja Bardyho v Plevn\u00edku-Drienovom m\u00e1 v s\u00fa\u010dasnosti 35 akt\u00edvnych \u010dlenov.<\/p>\n","protected":false},"excerpt":{"rendered":"<p>\u010clovek je tvor zvedav\u00fd a jeho z\u00e1ujmu neunikla ani astron\u00f3mia. Poh\u013ead na hviezdnu oblohu uchv\u00e1til v\u0161etky star\u00e9 civiliz\u00e1cie, ktor\u00e9 sa t\u00fa\u017eili na nej orientova\u0165, pou\u017e\u00edva\u0165 ju ako mapu a kalend\u00e1r. Hviezdam pridelili men\u00e1 a v ich poloh\u00e1ch videli r\u00f4zne obrazce, z ktor\u00fdch vznikli s\u00fahvezdia ako ich pozn\u00e1me aj dnes. To<\/p>\n<p><a href=\"https:\/\/hvezdari.com\/?page_id=66\" class=\"more-link\">\u010c\u00edta\u0165 \u010falej<span class=\"screen-reader-text\">Hist\u00f3ria klubu<\/span><\/a><\/p>\n","protected":false},"author":5,"featured_media":0,"parent":0,"menu_order":2,"comment_status":"closed","ping_status":"closed","template":"templates\/full-width-page.php","meta":{"footnotes":""},"class_list":["post-66","page","type-page","status-publish","hentry"],"_links":{"self":[{"href":"https:\/\/hvezdari.com\/index.php?rest_route=\/wp\/v2\/pages\/66","targetHints":{"allow":["GET"]}}],"collection":[{"href":"https:\/\/hvezdari.com\/index.php?rest_route=\/wp\/v2\/pages"}],"about":[{"href":"https:\/\/hvezdari.com\/index.php?rest_route=\/wp\/v2\/types\/page"}],"author":[{"embeddable":true,"href":"https:\/\/hvezdari.com\/index.php?rest_route=\/wp\/v2\/users\/5"}],"replies":[{"embeddable":true,"href":"https:\/\/hvezdari.com\/index.php?rest_route=%2Fwp%2Fv2%2Fcomments&post=66"}],"version-history":[{"count":9,"href":"https:\/\/hvezdari.com\/index.php?rest_route=\/wp\/v2\/pages\/66\/revisions"}],"predecessor-version":[{"id":628,"href":"https:\/\/hvezdari.com\/index.php?rest_route=\/wp\/v2\/pages\/66\/revisions\/628"}],"wp:attachment":[{"href":"https:\/\/hvezdari.com\/index.php?rest_route=%2Fwp%2Fv2%2Fmedia&parent=66"}],"curies":[{"name":"wp","href":"https:\/\/api.w.org\/{rel}","templated":true}]}}