{"id":11,"date":"2021-09-05T14:08:02","date_gmt":"2021-09-05T12:08:02","guid":{"rendered":"http:\/\/hvezdari.com\/?page_id=11"},"modified":"2021-09-25T20:46:54","modified_gmt":"2021-09-25T18:46:54","slug":"kontaktny-formular","status":"publish","type":"page","link":"https:\/\/hvezdari.com\/?page_id=11","title":{"rendered":"Kontakt"},"content":{"rendered":"\n<div class=\"wp-block-columns is-layout-flex wp-container-core-columns-is-layout-9d6595d7 wp-block-columns-is-layout-flex\">\n<div class=\"wp-block-column is-layout-flow wp-block-column-is-layout-flow\">\n<div class=\"wp-block-image\"><figure class=\"aligncenter size-thumbnail is-resized\"><img loading=\"lazy\" decoding=\"async\" src=\"http:\/\/hvezdari.com\/wp-content\/uploads\/2021\/09\/mail-150x150.png\" alt=\"\" class=\"wp-image-99\" width=\"38\" height=\"38\" srcset=\"https:\/\/hvezdari.com\/wp-content\/uploads\/2021\/09\/mail-150x150.png 150w, https:\/\/hvezdari.com\/wp-content\/uploads\/2021\/09\/mail-300x300.png 300w, https:\/\/hvezdari.com\/wp-content\/uploads\/2021\/09\/mail-1024x1024.png 1024w, https:\/\/hvezdari.com\/wp-content\/uploads\/2021\/09\/mail-768x768.png 768w, https:\/\/hvezdari.com\/wp-content\/uploads\/2021\/09\/mail-1536x1536.png 1536w, https:\/\/hvezdari.com\/wp-content\/uploads\/2021\/09\/mail-2048x2048.png 2048w, https:\/\/hvezdari.com\/wp-content\/uploads\/2021\/09\/mail-666x666.png 666w\" sizes=\"auto, (max-width: 38px) 100vw, 38px\" \/><\/figure><\/div>\n\n\n\n<p class=\"has-text-align-center\">akjb.astro@gmail.com<\/p>\n<\/div>\n\n\n\n<div class=\"wp-block-column is-layout-flow wp-block-column-is-layout-flow\">\n<div class=\"wp-block-image\"><figure class=\"aligncenter size-thumbnail is-resized\"><img loading=\"lazy\" decoding=\"async\" src=\"http:\/\/hvezdari.com\/wp-content\/uploads\/2021\/09\/phone-150x150.png\" alt=\"\" class=\"wp-image-100\" width=\"38\" height=\"38\" srcset=\"https:\/\/hvezdari.com\/wp-content\/uploads\/2021\/09\/phone-150x150.png 150w, https:\/\/hvezdari.com\/wp-content\/uploads\/2021\/09\/phone-300x300.png 300w, https:\/\/hvezdari.com\/wp-content\/uploads\/2021\/09\/phone-1024x1024.png 1024w, https:\/\/hvezdari.com\/wp-content\/uploads\/2021\/09\/phone-768x768.png 768w, https:\/\/hvezdari.com\/wp-content\/uploads\/2021\/09\/phone-1536x1536.png 1536w, https:\/\/hvezdari.com\/wp-content\/uploads\/2021\/09\/phone-2048x2048.png 2048w, https:\/\/hvezdari.com\/wp-content\/uploads\/2021\/09\/phone-666x666.png 666w\" sizes=\"auto, (max-width: 38px) 100vw, 38px\" \/><\/figure><\/div>\n\n\n\n<p class=\"has-text-align-center\"><strong>Boris Kardo\u0161<\/strong> <br> +421 907 520 407<\/p>\n<\/div>\n\n\n\n<div class=\"wp-block-column is-layout-flow wp-block-column-is-layout-flow\">\n<div class=\"wp-block-image\"><figure class=\"aligncenter size-thumbnail is-resized\"><img loading=\"lazy\" decoding=\"async\" src=\"http:\/\/hvezdari.com\/wp-content\/uploads\/2021\/09\/pin-150x150.png\" alt=\"\" class=\"wp-image-101\" width=\"38\" height=\"38\" srcset=\"https:\/\/hvezdari.com\/wp-content\/uploads\/2021\/09\/pin-150x150.png 150w, https:\/\/hvezdari.com\/wp-content\/uploads\/2021\/09\/pin-300x300.png 300w, https:\/\/hvezdari.com\/wp-content\/uploads\/2021\/09\/pin-1024x1024.png 1024w, https:\/\/hvezdari.com\/wp-content\/uploads\/2021\/09\/pin-768x768.png 768w, https:\/\/hvezdari.com\/wp-content\/uploads\/2021\/09\/pin-1536x1536.png 1536w, https:\/\/hvezdari.com\/wp-content\/uploads\/2021\/09\/pin-2048x2048.png 2048w, https:\/\/hvezdari.com\/wp-content\/uploads\/2021\/09\/pin-666x666.png 666w\" sizes=\"auto, (max-width: 38px) 100vw, 38px\" \/><\/figure><\/div>\n\n\n\n<p class=\"has-text-align-center\">Plevn\u00edk-Drienov\u00e9 23, 018 26 <\/p>\n<\/div>\n<\/div>\n\n\n\n<h3 class=\"wp-block-heading\"><strong>Kontaktn\u00fd formul\u00e1r<\/strong><\/h3>\n\n\n\n<p class=\"has-text-align-center has-normal-font-size\">\n<div class=\"wpcf7 no-js\" id=\"wpcf7-f23-o1\" lang=\"sk-SK\" dir=\"ltr\" data-wpcf7-id=\"23\">\n<div class=\"screen-reader-response\"><p role=\"status\" aria-live=\"polite\" aria-atomic=\"true\"><\/p> <ul><\/ul><\/div>\n<form action=\"\/index.php?rest_route=%2Fwp%2Fv2%2Fpages%2F11#wpcf7-f23-o1\" method=\"post\" class=\"wpcf7-form init\" aria-label=\"Kontaktn\u00fd formul\u00e1r\" novalidate=\"novalidate\" data-status=\"init\">\n<fieldset class=\"hidden-fields-container\"><input type=\"hidden\" name=\"_wpcf7\" value=\"23\" \/><input type=\"hidden\" name=\"_wpcf7_version\" value=\"6.1.1\" \/><input type=\"hidden\" name=\"_wpcf7_locale\" value=\"sk_SK\" \/><input type=\"hidden\" name=\"_wpcf7_unit_tag\" value=\"wpcf7-f23-o1\" \/><input type=\"hidden\" name=\"_wpcf7_container_post\" value=\"0\" \/><input type=\"hidden\" name=\"_wpcf7_posted_data_hash\" value=\"\" \/>\n<\/fieldset>\n<p><label> Va\u0161e meno (povinn\u00e9)<br \/>\n<span class=\"wpcf7-form-control-wrap\" data-name=\"your-name\"><input size=\"40\" maxlength=\"400\" class=\"wpcf7-form-control wpcf7-text wpcf7-validates-as-required\" aria-required=\"true\" aria-invalid=\"false\" value=\"\" type=\"text\" name=\"your-name\" \/><\/span> <\/label>\n<\/p>\n<p><label> V\u00e1\u0161 email (povinn\u00e9)<br \/>\n<span class=\"wpcf7-form-control-wrap\" data-name=\"your-email\"><input size=\"40\" maxlength=\"400\" class=\"wpcf7-form-control wpcf7-email wpcf7-validates-as-required wpcf7-text wpcf7-validates-as-email\" aria-required=\"true\" aria-invalid=\"false\" value=\"\" type=\"email\" name=\"your-email\" \/><\/span> <\/label>\n<\/p>\n<p><label> Predmet<br \/>\n<span class=\"wpcf7-form-control-wrap\" data-name=\"your-subject\"><input size=\"40\" maxlength=\"400\" class=\"wpcf7-form-control wpcf7-text\" aria-invalid=\"false\" value=\"\" type=\"text\" name=\"your-subject\" \/><\/span> <\/label>\n<\/p>\n<p><label> Va\u0161a spr\u00e1va<br \/>\n<span class=\"wpcf7-form-control-wrap\" data-name=\"your-message\"><textarea cols=\"40\" rows=\"10\" maxlength=\"2000\" class=\"wpcf7-form-control wpcf7-textarea\" aria-invalid=\"false\" name=\"your-message\"><\/textarea><\/span> <\/label>\n<\/p>\n<p><input class=\"wpcf7-form-control wpcf7-submit has-spinner\" type=\"submit\" value=\"Odosla\u0165\" \/>\n<\/p><div class=\"wpcf7-response-output\" aria-hidden=\"true\"><\/div>\n<\/form>\n<\/div>\n<\/p>\n","protected":false},"excerpt":{"rendered":"<p>akjb.astro@gmail.com Boris Kardo\u0161 +421 907 520 407 Plevn\u00edk-Drienov\u00e9 23, 018 26 Kontaktn\u00fd formul\u00e1r<\/p>\n","protected":false},"author":5,"featured_media":0,"parent":0,"menu_order":8,"comment_status":"closed","ping_status":"closed","template":"templates\/full-width-page.php","meta":{"footnotes":""},"class_list":["post-11","page","type-page","status-publish","hentry"],"_links":{"self":[{"href":"https:\/\/hvezdari.com\/index.php?rest_route=\/wp\/v2\/pages\/11","targetHints":{"allow":["GET"]}}],"collection":[{"href":"https:\/\/hvezdari.com\/index.php?rest_route=\/wp\/v2\/pages"}],"about":[{"href":"https:\/\/hvezdari.com\/index.php?rest_route=\/wp\/v2\/types\/page"}],"author":[{"embeddable":true,"href":"https:\/\/hvezdari.com\/index.php?rest_route=\/wp\/v2\/users\/5"}],"replies":[{"embeddable":true,"href":"https:\/\/hvezdari.com\/index.php?rest_route=%2Fwp%2Fv2%2Fcomments&post=11"}],"version-history":[{"count":19,"href":"https:\/\/hvezdari.com\/index.php?rest_route=\/wp\/v2\/pages\/11\/revisions"}],"predecessor-version":[{"id":209,"href":"https:\/\/hvezdari.com\/index.php?rest_route=\/wp\/v2\/pages\/11\/revisions\/209"}],"wp:attachment":[{"href":"https:\/\/hvezdari.com\/index.php?rest_route=%2Fwp%2Fv2%2Fmedia&parent=11"}],"curies":[{"name":"wp","href":"https:\/\/api.w.org\/{rel}","templated":true}]}}